{"id":2205,"date":"2021-09-16T12:13:27","date_gmt":"2021-09-16T10:13:27","guid":{"rendered":"https:\/\/edenkmallorca.es\/legal-notice\/"},"modified":"2026-02-19T16:21:02","modified_gmt":"2026-02-19T15:21:02","slug":"legal-notice","status":"publish","type":"page","link":"https:\/\/edenkmallorca.es\/en\/legal-notice\/","title":{"rendered":"Legal Notice"},"content":{"rendered":"\n<h2 class=\"wp-block-heading\">Identification and Ownership<\/h2>\n\n<p>In compliance with Article 10 of Law 34\/2002, of 11 July, on Information Society Services and Electronic Commerce, the Owner provides its identification details:<\/p>\n\n<ul class=\"wp-block-list\">\n<li><strong>Titular:<\/strong> Edenk Mallorca.<\/li>\n\n\n\n<li><strong>NIF:<\/strong> B09731365<\/li>\n\n\n\n<li><strong>Domicilio:<\/strong> JOAN MIRO, 3 1 C Esc. A 07015 Palma Illes Balears <\/li>\n\n\n\n<li><strong>Sitio Web:<\/strong> <a href=\"https:\/\/edenkmallorca.es\/\">https:\/\/edenkmallorca.es\/<\/a><\/li>\n<\/ul>\n\n<h2 class=\"wp-block-heading\">Terms of Use<\/h2>\n\n<p>Use of the Website confers upon you the status of User and implies full acceptance of all the terms and conditions of use included on the pages:<\/p>\n\n<ul class=\"wp-block-list\">\n<li><a href=\"https:\/\/edenkmallorca.es\/aviso-legal\/\">Aviso Legal<\/a><\/li>\n\n\n\n<li><a href=\"https:\/\/edenkmallorca.es\/politica-privacidad\/\">Pol\u00edtica de Privacidad<\/a><\/li>\n\n\n\n<li><a href=\"https:\/\/edenkmallorca.es\/terminos-y-condiciones\/\">T\u00e9rminos y condiciones<\/a><\/li>\n<\/ul>\n\n<p>If you do not agree with each and every one of these terms and conditions, please refrain from using the Website.<\/p>\n\n<p>Access to the Website does not, in any way, imply the commencement of a commercial relationship with the Owner.<\/p>\n\n<p>Through the Website, the Owner provides you with access to and use of various content that the Owner and\/or its collaborators have published via the Internet.<\/p>\n\n<p>To this end, you are obliged and committed NOT to use any of the contents of the Website for purposes or effects that are unlawful, prohibited in this Legal Notice or by current legislation, harmful to the rights and interests of third parties, or that in any way may damage, disable, overload, impair or prevent the normal use of the contents, computer equipment or documents, files and all types of content stored on any computer equipment owned or contracted by the Owner, other users or any Internet user.<\/p>\n\n<h2 class=\"wp-block-heading\">Safety measures<\/h2>\n\n<p>The personal data you provide to the Owner may be stored in automated or non-automated databases, which are the exclusive property of the Owner, who takes all technical, organisational and security measures to ensure the confidentiality, integrity and quality of the information contained therein in accordance with the provisions of current data protection regulations.<\/p>\n\n<p>However, you should be aware that the security measures of computer systems on the Internet are not entirely reliable and that, therefore, the Owner cannot guarantee the absence of viruses or other elements that may cause alterations in the User&#8217;s computer systems (software and hardware) or in their electronic documents and files contained therein, although the Owner uses all necessary means and takes the appropriate security measures to prevent the presence of these harmful elements.<\/p>\n\n<h2 class=\"wp-block-heading\">Processing of Personal Data<\/h2>\n\n<p>Puede consultar toda la informaci\u00f3n relativa al tratamiento de datos personales que recoge el Titular en la p\u00e1gina de <a href=\"https:\/\/edenkmallorca.es\/politica-privacidad\/\">Pol\u00edtica de Privacidad<\/a>.<\/p>\n\n<h2 class=\"wp-block-heading\">Contents<\/h2>\n\n<p>The Owner has obtained the information, multimedia content and materials included on the Website from sources it considers reliable, but, although it has taken all reasonable measures to ensure that the information contained is correct, the Owner does not guarantee that it is accurate, complete or up to date. The Owner expressly declines any responsibility for errors or omissions in the information contained on the pages of the Website. <\/p>\n\n<p>It is prohibited to transmit or send through the Website any illegal or illicit content, computer viruses, or messages that, in general, affect or violate the rights of the Owner or third parties.<\/p>\n\n<p>The contents of the Website are for informational purposes only and under no circumstances should they be used or considered as an offer to sell, a solicitation of an offer to buy, or a recommendation to perform any other transaction, unless expressly stated otherwise.<\/p>\n\n<p>The Owner reserves the right to modify, suspend, cancel or restrict the content of the Website, the links or the information obtained through the Website, without prior notice.<\/p>\n\n<p>The Owner shall not be liable for any damages that may arise from the use of the information on the Website.<\/p>\n\n<h2 class=\"wp-block-heading\">Pol\u00edtica de cookies<\/h2>\n\n<p>El Titular obtiene y conserva la siguiente informaci\u00f3n acerca de los visitantes del Sitio Web:<\/p>\n\n<ul class=\"wp-block-list\">\n<li>El nombre de dominio del proveedor (PSI) y\/o direcci\u00f3n IP que les da acceso a la red.<\/li>\n\n\n\n<li>La fecha y hora de acceso al sitio Web.<\/li>\n\n\n\n<li>La direcci\u00f3n de Internet origen del enlace que dirige al sitio Web.<\/li>\n\n\n\n<li>El n\u00famero de visitantes diarios de cada secci\u00f3n.<\/li>\n\n\n\n<li>La informaci\u00f3n obtenida es totalmente an\u00f3nima, y en ning\u00fan caso puede ser asociada a un Usuario concreto e identificado.<\/li>\n<\/ul>\n\n<h2 class=\"wp-block-heading\">Enlaces a otros sitios Web<\/h2>\n\n<p>El Titular puede proporcionarle acceso a sitios Web de terceros mediante enlaces con la finalidad exclusiva de informar sobre la existencia de otras fuentes de informaci\u00f3n en Internet en las que podr\u00e1 ampliar los datos ofrecidos en el Sitio Web.<\/p>\n\n<p>Estos enlaces a otros sitios Web no suponen en ning\u00fan caso una sugerencia o recomendaci\u00f3n para que usted visite las p\u00e1ginas web de destino, que est\u00e1n fuera del control del Titular, por lo que el Titular no es responsable del contenido de los sitios web vinculados ni del resultado que obtenga al seguir los enlaces. Asimismo, el Titular no responde de los links o enlaces ubicados en los sitios web vinculados a los que le proporciona acceso. <\/p>\n\n<p>El establecimiento del enlace no implica en ning\u00fan caso la existencia de relaciones entre el Titular y el propietario del sitio en el que se establezca el enlace, ni la aceptaci\u00f3n o aprobaci\u00f3n por parte del Titular de sus contenidos o servicios.<\/p>\n\n<p>Si accede a un sitio web externo desde un enlace que encuentre en el Sitio Web usted deber\u00e1 leer la propia pol\u00edtica de privacidad del otro sitio web que puede ser diferente de la de este sitio Web.<\/p>\n\n<h2 class=\"wp-block-heading\">Propiedad intelectual e industrial<\/h2>\n\n<p>Todos los derechos est\u00e1n reservados.<\/p>\n\n<p>Todo acceso a este Sitio Web est\u00e1 sujeto a las siguientes condiciones: la reproducci\u00f3n, almacenaje permanente y la difusi\u00f3n de los contenidos o cualquier otro uso que tenga finalidad p\u00fablica o comercial queda expresamente prohibida sin el consentimiento previo expreso y por escrito del Titular.<\/p>\n\n<h2 class=\"wp-block-heading\">Limitaci\u00f3n de responsabilidad<\/h2>\n\n<p>El Titular declina cualquier responsabilidad en caso de que existan interrupciones o un mal funcionamiento de los Servicios o contenidos ofrecidos en Internet, cualquiera que sea su causa. Asimismo, el Titular no se hace responsable por ca\u00eddas de la red, p\u00e9rdidas de negocio a consecuencia de dichas ca\u00eddas, suspensiones temporales de fluido el\u00e9ctrico o cualquier otro tipo de da\u00f1o indirecto que te pueda ser causado por causas ajenas a el Titular. <\/p>\n\n<p>Antes de tomar decisiones y\/o acciones con base a la informaci\u00f3n incluida en el Sitio Web, el Titular le recomienda comprobar y contrastar la informaci\u00f3n recibida con otras fuentes.<\/p>\n\n<h2 class=\"wp-block-heading\">Jurisdicci\u00f3n<\/h2>\n\n<p>Este Aviso Legal se rige \u00edntegramente por la legislaci\u00f3n espa\u00f1ola.<\/p>\n","protected":false},"excerpt":{"rendered":"<p>Identification and Ownership In compliance with Article 10 of Law 34\/2002, of 11 July, on Information Society Services and Electronic Commerce, the Owner provides its identification details: Terms of Use Use of the Website confers upon you the status of User and implies full acceptance of all the terms and conditions of use included on [&hellip;]<\/p>\n","protected":false},"author":1,"featured_media":0,"parent":0,"menu_order":0,"comment_status":"closed","ping_status":"closed","template":"","meta":{"_joinchat":[],"footnotes":""},"class_list":["post-2205","page","type-page","status-publish","hentry"],"yoast_head":"<!-- This site is optimized with the Yoast SEO plugin v27.4 - https:\/\/yoast.com\/product\/yoast-seo-wordpress\/ -->\n<title>Legal Notice - Edenk Mallorca SL<\/title>\n<meta name=\"description\" content=\"Identification and Ownership In compliance with Article 10 of Law 34\/2002, of 11 July, on Information Society Services and Electronic Commerce, the Owner\" \/>\n<meta name=\"robots\" content=\"index, follow, max-snippet:-1, max-image-preview:large, max-video-preview:-1\" \/>\n<link rel=\"canonical\" href=\"https:\/\/edenkmallorca.es\/en\/legal-notice\/\" \/>\n<meta property=\"og:locale\" content=\"en_US\" \/>\n<meta property=\"og:type\" content=\"article\" \/>\n<meta property=\"og:title\" content=\"Legal Notice - Edenk Mallorca SL\" \/>\n<meta property=\"og:description\" content=\"Identification and Ownership In compliance with Article 10 of Law 34\/2002, of 11 July, on Information Society Services and Electronic Commerce, the Owner\" \/>\n<meta property=\"og:url\" content=\"https:\/\/edenkmallorca.es\/en\/legal-notice\/\" \/>\n<meta property=\"og:site_name\" content=\"Edenk Mallorca SL\" \/>\n<meta property=\"article:modified_time\" content=\"2026-02-19T15:21:02+00:00\" \/>\n<meta property=\"og:image\" content=\"https:\/\/edenkmallorca.es\/wp-content\/uploads\/2025\/03\/logo-EdenkMallorca__1__1-removebg-preview.webp\" \/>\n\t<meta property=\"og:image:width\" content=\"603\" \/>\n\t<meta property=\"og:image:height\" content=\"414\" \/>\n\t<meta property=\"og:image:type\" content=\"image\/webp\" \/>\n<meta name=\"twitter:card\" content=\"summary_large_image\" \/>\n<meta name=\"twitter:label1\" content=\"Est. reading time\" \/>\n\t<meta name=\"twitter:data1\" content=\"5 minutes\" \/>\n<script type=\"application\/ld+json\" class=\"yoast-schema-graph\">{\"@context\":\"https:\\\/\\\/schema.org\",\"@graph\":[{\"@type\":\"WebPage\",\"@id\":\"https:\\\/\\\/edenkmallorca.es\\\/en\\\/legal-notice\\\/\",\"url\":\"https:\\\/\\\/edenkmallorca.es\\\/en\\\/legal-notice\\\/\",\"name\":\"Legal Notice - Edenk Mallorca SL\",\"isPartOf\":{\"@id\":\"https:\\\/\\\/edenkmallorca.es\\\/#website\"},\"datePublished\":\"2021-09-16T10:13:27+00:00\",\"dateModified\":\"2026-02-19T15:21:02+00:00\",\"description\":\"Identification and Ownership In compliance with Article 10 of Law 34\\\/2002, of 11 July, on Information Society Services and Electronic Commerce, the Owner\",\"breadcrumb\":{\"@id\":\"https:\\\/\\\/edenkmallorca.es\\\/en\\\/legal-notice\\\/#breadcrumb\"},\"inLanguage\":\"en-US\",\"potentialAction\":[{\"@type\":\"ReadAction\",\"target\":[\"https:\\\/\\\/edenkmallorca.es\\\/en\\\/legal-notice\\\/\"]}]},{\"@type\":\"BreadcrumbList\",\"@id\":\"https:\\\/\\\/edenkmallorca.es\\\/en\\\/legal-notice\\\/#breadcrumb\",\"itemListElement\":[{\"@type\":\"ListItem\",\"position\":1,\"name\":\"Portada\",\"item\":\"https:\\\/\\\/edenkmallorca.es\\\/en\\\/home\\\/\"},{\"@type\":\"ListItem\",\"position\":2,\"name\":\"Legal Notice\"}]},{\"@type\":\"WebSite\",\"@id\":\"https:\\\/\\\/edenkmallorca.es\\\/#website\",\"url\":\"https:\\\/\\\/edenkmallorca.es\\\/\",\"name\":\"Edenk Mallorca SL\",\"description\":\"Somos la llave para disfrutar La isla de Mallorca\",\"publisher\":{\"@id\":\"https:\\\/\\\/edenkmallorca.es\\\/#organization\"},\"alternateName\":\"Edenk Mallorca SL\",\"potentialAction\":[{\"@type\":\"SearchAction\",\"target\":{\"@type\":\"EntryPoint\",\"urlTemplate\":\"https:\\\/\\\/edenkmallorca.es\\\/?s={search_term_string}\"},\"query-input\":{\"@type\":\"PropertyValueSpecification\",\"valueRequired\":true,\"valueName\":\"search_term_string\"}}],\"inLanguage\":\"en-US\"},{\"@type\":\"Organization\",\"@id\":\"https:\\\/\\\/edenkmallorca.es\\\/#organization\",\"name\":\"Edenk Mallorca SL\",\"url\":\"https:\\\/\\\/edenkmallorca.es\\\/\",\"logo\":{\"@type\":\"ImageObject\",\"inLanguage\":\"en-US\",\"@id\":\"https:\\\/\\\/edenkmallorca.es\\\/#\\\/schema\\\/logo\\\/image\\\/\",\"url\":\"https:\\\/\\\/edenkmallorca.es\\\/wp-content\\\/uploads\\\/2025\\\/03\\\/logo-EdenkMallorca-_1___1_-removebg-preview-e1766480218780.webp\",\"contentUrl\":\"https:\\\/\\\/edenkmallorca.es\\\/wp-content\\\/uploads\\\/2025\\\/03\\\/logo-EdenkMallorca-_1___1_-removebg-preview-e1766480218780.webp\",\"width\":463,\"height\":314,\"caption\":\"Edenk Mallorca SL\"},\"image\":{\"@id\":\"https:\\\/\\\/edenkmallorca.es\\\/#\\\/schema\\\/logo\\\/image\\\/\"}}]}<\/script>\n<!-- \/ Yoast SEO plugin. -->","yoast_head_json":{"title":"Legal Notice - Edenk Mallorca SL","description":"Identification and Ownership In compliance with Article 10 of Law 34\/2002, of 11 July, on Information Society Services and Electronic Commerce, the Owner","robots":{"index":"index","follow":"follow","max-snippet":"max-snippet:-1","max-image-preview":"max-image-preview:large","max-video-preview":"max-video-preview:-1"},"canonical":"https:\/\/edenkmallorca.es\/en\/legal-notice\/","og_locale":"en_US","og_type":"article","og_title":"Legal Notice - Edenk Mallorca SL","og_description":"Identification and Ownership In compliance with Article 10 of Law 34\/2002, of 11 July, on Information Society Services and Electronic Commerce, the Owner","og_url":"https:\/\/edenkmallorca.es\/en\/legal-notice\/","og_site_name":"Edenk Mallorca SL","article_modified_time":"2026-02-19T15:21:02+00:00","og_image":[{"width":603,"height":414,"url":"https:\/\/edenkmallorca.es\/wp-content\/uploads\/2025\/03\/logo-EdenkMallorca__1__1-removebg-preview.webp","type":"image\/webp"}],"twitter_card":"summary_large_image","twitter_misc":{"Est. reading time":"5 minutes"},"schema":{"@context":"https:\/\/schema.org","@graph":[{"@type":"WebPage","@id":"https:\/\/edenkmallorca.es\/en\/legal-notice\/","url":"https:\/\/edenkmallorca.es\/en\/legal-notice\/","name":"Legal Notice - Edenk Mallorca SL","isPartOf":{"@id":"https:\/\/edenkmallorca.es\/#website"},"datePublished":"2021-09-16T10:13:27+00:00","dateModified":"2026-02-19T15:21:02+00:00","description":"Identification and Ownership In compliance with Article 10 of Law 34\/2002, of 11 July, on Information Society Services and Electronic Commerce, the Owner","breadcrumb":{"@id":"https:\/\/edenkmallorca.es\/en\/legal-notice\/#breadcrumb"},"inLanguage":"en-US","potentialAction":[{"@type":"ReadAction","target":["https:\/\/edenkmallorca.es\/en\/legal-notice\/"]}]},{"@type":"BreadcrumbList","@id":"https:\/\/edenkmallorca.es\/en\/legal-notice\/#breadcrumb","itemListElement":[{"@type":"ListItem","position":1,"name":"Portada","item":"https:\/\/edenkmallorca.es\/en\/home\/"},{"@type":"ListItem","position":2,"name":"Legal Notice"}]},{"@type":"WebSite","@id":"https:\/\/edenkmallorca.es\/#website","url":"https:\/\/edenkmallorca.es\/","name":"Edenk Mallorca SL","description":"Somos la llave para disfrutar La isla de Mallorca","publisher":{"@id":"https:\/\/edenkmallorca.es\/#organization"},"alternateName":"Edenk Mallorca SL","potentialAction":[{"@type":"SearchAction","target":{"@type":"EntryPoint","urlTemplate":"https:\/\/edenkmallorca.es\/?s={search_term_string}"},"query-input":{"@type":"PropertyValueSpecification","valueRequired":true,"valueName":"search_term_string"}}],"inLanguage":"en-US"},{"@type":"Organization","@id":"https:\/\/edenkmallorca.es\/#organization","name":"Edenk Mallorca SL","url":"https:\/\/edenkmallorca.es\/","logo":{"@type":"ImageObject","inLanguage":"en-US","@id":"https:\/\/edenkmallorca.es\/#\/schema\/logo\/image\/","url":"https:\/\/edenkmallorca.es\/wp-content\/uploads\/2025\/03\/logo-EdenkMallorca-_1___1_-removebg-preview-e1766480218780.webp","contentUrl":"https:\/\/edenkmallorca.es\/wp-content\/uploads\/2025\/03\/logo-EdenkMallorca-_1___1_-removebg-preview-e1766480218780.webp","width":463,"height":314,"caption":"Edenk Mallorca SL"},"image":{"@id":"https:\/\/edenkmallorca.es\/#\/schema\/logo\/image\/"}}]}},"_links":{"self":[{"href":"https:\/\/edenkmallorca.es\/en\/wp-json\/wp\/v2\/pages\/2205","targetHints":{"allow":["GET"]}}],"collection":[{"href":"https:\/\/edenkmallorca.es\/en\/wp-json\/wp\/v2\/pages"}],"about":[{"href":"https:\/\/edenkmallorca.es\/en\/wp-json\/wp\/v2\/types\/page"}],"author":[{"embeddable":true,"href":"https:\/\/edenkmallorca.es\/en\/wp-json\/wp\/v2\/users\/1"}],"replies":[{"embeddable":true,"href":"https:\/\/edenkmallorca.es\/en\/wp-json\/wp\/v2\/comments?post=2205"}],"version-history":[{"count":1,"href":"https:\/\/edenkmallorca.es\/en\/wp-json\/wp\/v2\/pages\/2205\/revisions"}],"predecessor-version":[{"id":2206,"href":"https:\/\/edenkmallorca.es\/en\/wp-json\/wp\/v2\/pages\/2205\/revisions\/2206"}],"wp:attachment":[{"href":"https:\/\/edenkmallorca.es\/en\/wp-json\/wp\/v2\/media?parent=2205"}],"curies":[{"name":"wp","href":"https:\/\/api.w.org\/{rel}","templated":true}]}}